{"id":84,"date":"2025-02-09T22:00:34","date_gmt":"2025-02-09T22:00:34","guid":{"rendered":"https:\/\/viseucityrace.coviseu-natura.pt\/2025\/?page_id=84"},"modified":"2025-02-28T21:52:41","modified_gmt":"2025-02-28T21:52:41","slug":"faqs","status":"publish","type":"page","link":"https:\/\/viseucityrace.coviseu-natura.pt\/2025\/faqs\/","title":{"rendered":"FAQs"},"content":{"rendered":"\n<h5 class=\"wp-block-heading\">&nbsp;<strong>1. Nunca fiz Orienta\u00e7\u00e3o. Mesmo assim posso participar?<\/strong><\/h5>\n\n\n\n<p><strong>Sim.<\/strong> Todas as organiza\u00e7\u00f5es t\u00eam monitores para o ajudar na partida. No ato da inscri\u00e7\u00e3o, deve mencionar a necessidade de apoio de monitor. Pode tamb\u00e9m participar em grupo. Os grupos n\u00e3o t\u00eam n\u00ba limite de participantes.<\/p>\n\n\n\n<hr class=\"wp-block-separator has-alpha-channel-opacity\" \/>\n\n\n\n<h5 class=\"wp-block-heading\">&nbsp;<strong>2. Como devo proceder para fazer as inscri\u00e7\u00f5es?<\/strong><\/h5>\n\n\n\n<p>Via OriOasis ou email. Todas as informa\u00e7\u00f5es necess\u00e1rias est\u00e3o dispon\u00edveis no separado&nbsp;<a href=\"https:\/\/viseucityrace.coviseu-natura.pt\/2025\/inscricoes-2\/\" data-type=\"page\" data-id=\"43\">inscri\u00e7\u00f5es<\/a>.<\/p>\n\n\n\n<hr class=\"wp-block-separator has-alpha-channel-opacity\" \/>\n\n\n\n<h5 class=\"wp-block-heading\">&nbsp;<strong>3. O que devo mencionar no ato da inscri\u00e7\u00e3o por e-mail?<\/strong><\/h5>\n\n\n\n<p>Todas as informa\u00e7\u00f5es necess\u00e1rias est\u00e3o dispon\u00edveis no separado\u00a0<a href=\"https:\/\/viseucityrace.coviseu-natura.pt\/2025\/inscricoes-2\/\" data-type=\"page\" data-id=\"43\">inscri\u00e7\u00f5es<\/a>. Deve mencionar o seu nome, n\u00ba de telem\u00f3vel, data de nascimento, n\u00ba do BI*, NIF*, n\u00ba do chip (se tiver) e escal\u00e3o. Em caso de participar em grupo, indicar os mesmos dados para todos os elementos do grupo.<br>* O n\u00ba do BI \u00e9 para o seguro desportivo.<\/p>\n\n\n\n<hr class=\"wp-block-separator has-alpha-channel-opacity\" \/>\n\n\n\n<h5 class=\"wp-block-heading\">&nbsp;<strong>4. Como devo proceder para fazer o pagamento das inscri\u00e7\u00f5es?<\/strong><\/h5>\n\n\n\n<p>Por transfer\u00eancia banc\u00e1ria,\u00a0estando o NIB dispon\u00edvel na p\u00e1gina do evento. As taxas de inscri\u00e7\u00e3o est\u00e3o mencionadas em <a href=\"https:\/\/viseucityrace.coviseu-natura.pt\/2025\/inscricoes-2\/\" data-type=\"page\" data-id=\"43\">inscri\u00e7\u00f5es<\/a>.<\/p>\n\n\n\n<hr class=\"wp-block-separator has-alpha-channel-opacity\" \/>\n\n\n\n<h5 class=\"wp-block-heading\">&nbsp;<strong>5. Os participantes que n\u00e3o s\u00e3o federados podem participar nos escal\u00f5es de competi\u00e7\u00e3o? Em que escal\u00e3o me devo inscrever?<\/strong><\/h5>\n\n\n\n<p><strong>Sim<\/strong>, \u00e9 possivel os\u00a0participantes n\u00e3o federados participarem nos escal\u00f5es de competi\u00e7\u00e3o. No entanto, se \u00e9 a primeira vez, sugerimos come\u00e7ar por um escal\u00e3o aberto. Se j\u00e1 se sente perfeitamente integrado na modalidade, poder\u00e1, se o desejar, fazer a inscri\u00e7\u00e3o na categoria correspondente \u00e0 sua idade.<\/p>\n\n\n\n<hr class=\"wp-block-separator has-alpha-channel-opacity\" \/>\n\n\n\n<h5 class=\"wp-block-heading\">&nbsp;<strong>6. Posso inscrever-me em apenas algumas&nbsp;etapas do circuito?<\/strong><\/h5>\n\n\n\n<p><strong>Sim<\/strong>. Pode inscrever-se no n\u00famero de etapas que pretender.<\/p>\n\n\n\n<hr class=\"wp-block-separator has-alpha-channel-opacity\" \/>\n\n\n\n<h5 class=\"wp-block-heading\"><strong>\u00a07. Como funcionam as partidas<\/strong>?<\/h5>\n\n\n\n<p>Nos eventos de Orienta\u00e7\u00e3o as partidas s\u00e3o realizadas em sistema de contra-rel\u00f3gio.<br>Antes do evento, estar\u00e3o dispon\u00edveis as listas de partida para cada categoria, a qual dever\u00e1 ser respeitada. Sendo assim, n\u00e3o \u00e9 necess\u00e1rio fazer uma fila de espera na c\u00e2mera de chamada.<br>No caso de n\u00e3o partir na sua hora, <strong>n\u00e3o h\u00e1 problema,<\/strong> porque o seu tempo de prova <strong>s\u00f3 ser\u00e1 accionado ao levantar o mapa e introduzir o chip numa base eletr\u00f3nica na partida<\/strong>. Importante referir que o tempo de chamada estar\u00e1 3 minutos adiantado em rela\u00e7\u00e3o \u00e0 hora real (esses 3 minutos servem para a organiza\u00e7\u00e3o verificar o seu n\u00ba de peitoral, n\u00ba de chip e entregar a sinal\u00e9tica suplementar).<\/p>\n\n\n\n<hr class=\"wp-block-separator has-alpha-channel-opacity\" \/>\n\n\n\n<h5 class=\"wp-block-heading\">&nbsp;<strong>7. Que tipo de roupa se deve utilizar para efetuar a prova?<\/strong><\/h5>\n\n\n\n<p>Apesar dos atletas experientes utilizarem equipamentos espec\u00edficos, para quem vai cumprir um percurso pela primeira vez, poder\u00e1 vestir uma roupa desportiva ou fato de treino e cal\u00e7ar sapatilhas de desporto com um piso com alguma ader\u00eancia. Recomenda-se tamb\u00e9m roupa e cal\u00e7ado para trocar no final caso seja necess\u00e1rio.<\/p>\n\n\n\n<hr class=\"wp-block-separator has-alpha-channel-opacity\" \/>\n\n\n\n<h5 class=\"wp-block-heading\"><strong>8. Que tipos de utens\u00edlios podem os participantes levar na execu\u00e7\u00e3o da prova?<\/strong><\/h5>\n\n\n\n<p>Para ajuda dos participantes somente podem ser portadores de uma b\u00fassola.<\/p>\n\n\n\n<hr class=\"wp-block-separator has-alpha-channel-opacity\" \/>\n\n\n\n<h5 class=\"wp-block-heading\"><strong>9. A organiza\u00e7\u00e3o fornece b\u00fassola para os participantes?<\/strong><\/h5>\n\n\n\n<p><strong>N\u00e3o<\/strong>. A b\u00fassola \u00e9 da responsabilidade dos participantes.<\/p>\n\n\n\n<hr class=\"wp-block-separator has-alpha-channel-opacity\" \/>\n\n\n\n<h5 class=\"wp-block-heading\"><strong>10. Como \u00e9 que \u00e9 efetuado o controlo da prova?<\/strong><\/h5>\n\n\n\n<p>A prova ser\u00e1 controlada eletronicamente atrav\u00e9s do sistema de controlo Sport Ident. Cada participante ou grupo dever\u00e1 ser portador de um cart\u00e3o eletr\u00f3nico (chip). <\/p>\n\n\n\n<hr class=\"wp-block-separator has-alpha-channel-opacity\" \/>\n\n\n\n<h5 class=\"wp-block-heading\"><strong>11. Como devo levantar o chip?<\/strong><\/h5>\n\n\n\n<p>O chip \u00e9 fornecido no secretariado. A participa\u00e7\u00e3o com um chip que n\u00e3o corresponda \u00e0 rela\u00e7\u00e3o fornecida pela organiza\u00e7\u00e3o implica a desclassifica\u00e7\u00e3o.<\/p>\n\n\n\n<hr class=\"wp-block-separator has-alpha-channel-opacity\" \/>\n\n\n\n<h5 class=\"wp-block-heading\"><strong>12. Se n\u00e3o completar o percurso o que devo fazer?<\/strong><\/h5>\n\n\n\n<p>Deve passar sempre pela chegada e descarregar o seu chip e entreg\u00e1-lo (caso seja alugado\/emprestado).<\/p>\n","protected":false},"excerpt":{"rendered":"<p>&nbsp;1. Nunca fiz Orienta\u00e7\u00e3o. Mesmo assim posso participar? Sim. Todas as organiza\u00e7\u00f5es t\u00eam monitores para o ajudar na partida. No ato da inscri\u00e7\u00e3o, deve mencionar a necessidade de apoio de monitor. Pode tamb\u00e9m participar em grupo. Os grupos n\u00e3o t\u00eam n\u00ba limite de participantes. &nbsp;2. Como devo proceder para fazer as inscri\u00e7\u00f5es? Via OriOasis ou &hellip; <\/p>\n<p class=\"link-more\"><a href=\"https:\/\/viseucityrace.coviseu-natura.pt\/2025\/faqs\/\" class=\"more-link\">Continuar a ler <span class=\"screen-reader-text\">&#8220;FAQs&#8221;<\/span><\/a><\/p>\n","protected":false},"author":1,"featured_media":0,"parent":0,"menu_order":0,"comment_status":"closed","ping_status":"closed","template":"","meta":{"footnotes":""},"class_list":["post-84","page","type-page","status-publish","hentry"],"_links":{"self":[{"href":"https:\/\/viseucityrace.coviseu-natura.pt\/2025\/wp-json\/wp\/v2\/pages\/84","targetHints":{"allow":["GET"]}}],"collection":[{"href":"https:\/\/viseucityrace.coviseu-natura.pt\/2025\/wp-json\/wp\/v2\/pages"}],"about":[{"href":"https:\/\/viseucityrace.coviseu-natura.pt\/2025\/wp-json\/wp\/v2\/types\/page"}],"author":[{"embeddable":true,"href":"https:\/\/viseucityrace.coviseu-natura.pt\/2025\/wp-json\/wp\/v2\/users\/1"}],"replies":[{"embeddable":true,"href":"https:\/\/viseucityrace.coviseu-natura.pt\/2025\/wp-json\/wp\/v2\/comments?post=84"}],"version-history":[{"count":3,"href":"https:\/\/viseucityrace.coviseu-natura.pt\/2025\/wp-json\/wp\/v2\/pages\/84\/revisions"}],"predecessor-version":[{"id":299,"href":"https:\/\/viseucityrace.coviseu-natura.pt\/2025\/wp-json\/wp\/v2\/pages\/84\/revisions\/299"}],"wp:attachment":[{"href":"https:\/\/viseucityrace.coviseu-natura.pt\/2025\/wp-json\/wp\/v2\/media?parent=84"}],"curies":[{"name":"wp","href":"https:\/\/api.w.org\/{rel}","templated":true}]}}