{"id":43,"date":"2025-02-09T15:31:38","date_gmt":"2025-02-09T15:31:38","guid":{"rendered":"https:\/\/viseucityrace.coviseu-natura.pt\/2025\/?page_id=43"},"modified":"2025-02-28T21:41:22","modified_gmt":"2025-02-28T21:41:22","slug":"inscricoes-2","status":"publish","type":"page","link":"https:\/\/viseucityrace.coviseu-natura.pt\/2025\/inscricoes-2\/","title":{"rendered":"Inscri\u00e7\u00f5es"},"content":{"rendered":"\n<h2 class=\"wp-block-heading\"><strong>Como efetuar a inscri\u00e7\u00e3o?<\/strong><\/h2>\n\n\n\n<ul class=\"wp-block-list\">\n<li><strong>Inscri\u00e7\u00e3o Online (m\u00e9todo preferencial): <\/strong>&nbsp;<a href=\"https:\/\/www.orioasis.pt\/oasis\/events.php?action=event_view_info&amp;eventid=2987&amp;\" target=\"_blank\" rel=\"noreferrer noopener\">OriOASIS,&nbsp;<\/a>quer se tratem de atletas federados ou n\u00e3o federados.<\/li>\n\n\n\n<li><strong>Via email: <\/strong><a href=\"mailto:coviseu@hotmail.com\">coviseu@hotmail.com<\/a><\/li>\n<\/ul>\n\n\n\n<p><strong>Dados obrigat\u00f3rios para inscri\u00e7\u00e3o (individual ou em grupo) via e-mail:<\/strong><\/p>\n\n\n\n<ul class=\"wp-block-list\">\n<li>Nome(s) do(s) participante(s)<\/li>\n\n\n\n<li>Data(s) de nascimento<\/li>\n\n\n\n<li>Nome do Clube\/Equipa<\/li>\n\n\n\n<li>N\u00ba de filiado na FPO se Federado <strong>ou<\/strong> n\u00ba de Bilhete de Identidade + NIF caso n\u00e3o seja federado<\/li>\n\n\n\n<li>N\u00ba do SI Card, caso tenha um. Na aus\u00eancia deste, ser-lhe-\u00e1\u00a0atribu\u00eddo\u00a0um. A perda ou n\u00e3o devolu\u00e7\u00e3o do SI Card alugado implica o pagamento de 50\u20ac.<\/li>\n\n\n\n<li>N\u00ba de telem\u00f3vel e e-mail<\/li>\n\n\n\n<li>Escal\u00e3o de participa\u00e7\u00e3o<\/li>\n\n\n\n<li>Etapas em que se pretende inscrever<\/li>\n\n\n\n<li>Caso pretenda participar em grupo, indica\u00e7\u00e3o do mesmo<\/li>\n<\/ul>\n\n\n\n<p><strong>Participa\u00e7\u00e3o em grupo<\/strong>:<br>Cada participante paga uma inscri\u00e7\u00e3o e ter\u00e1 direito a um mapa. O grupo levar\u00e1 consigo apenas um chip (SI-card). <\/p>\n\n\n\n<h2 class=\"wp-block-heading\">Escal\u00f5es de Competi\u00e7\u00e3o<\/h2>\n\n\n\n<table id=\"tablepress-5\" class=\"tablepress tablepress-id-5\">\n<thead>\n<tr class=\"row-1\">\n\t<th colspan=\"2\" class=\"column-1\"><strong><center>Escal\u00f5es Competi\u00e7\u00e3o City Race<\/center><\/strong><\/th>\n<\/tr>\n<\/thead>\n<tbody class=\"row-striping row-hover\">\n<tr class=\"row-2\">\n\t<td class=\"column-1\"><strong>Idade a 31 de dezembro<\/strong><\/td><td class=\"column-2\"><strong>Escal\u00e3o TP<\/strong><\/td>\n<\/tr>\n<tr class=\"row-3\">\n\t<td class=\"column-1\">12 e menos<\/td><td class=\"column-2\">Forma\u00e7\u00e3o<\/td>\n<\/tr>\n<tr class=\"row-4\">\n\t<td class=\"column-1\">13 a 16<\/td><td class=\"column-2\">Juvenis M\/F<\/td>\n<\/tr>\n<tr class=\"row-5\">\n\t<td class=\"column-1\">17 a 20<\/td><td class=\"column-2\">Juniores M\/F<\/td>\n<\/tr>\n<tr class=\"row-6\">\n\t<td class=\"column-1\">21 ou mais<\/td><td class=\"column-2\">Seniores M\/F<\/td>\n<\/tr>\n<tr class=\"row-7\">\n\t<td class=\"column-1\">40 a 54<\/td><td class=\"column-2\">Veteranos I M\/F<\/td>\n<\/tr>\n<tr class=\"row-8\">\n\t<td class=\"column-1\">55 a 64<\/td><td class=\"column-2\">Veteranos II M\/F<\/td>\n<\/tr>\n<tr class=\"row-9\">\n\t<td class=\"column-1\">65 a 74<\/td><td class=\"column-2\">Veteranos III M\/F<\/td>\n<\/tr>\n<tr class=\"row-10\">\n\t<td class=\"column-1\">75 ou mais<\/td><td class=\"column-2\">Veteranos IV M\/F<\/td>\n<\/tr>\n<\/tbody>\n<\/table>\n<!-- #tablepress-5 from cache -->\n\n\n<h2 class=\"wp-block-heading\">Escal\u00f5es Abertos<\/h2>\n\n\n\n<ul class=\"wp-block-list\">\n<li>Open Curto<\/li>\n\n\n\n<li>Open M\u00e9dio<\/li>\n\n\n\n<li>Open Longo<\/li>\n<\/ul>\n\n\n\n<h2 class=\"wp-block-heading\">Taxas de inscri\u00e7\u00e3o<\/h2>\n\n\n\n<table id=\"tablepress-7\" class=\"tablepress tablepress-id-7 tbody-has-connected-cells\">\n<thead>\n<tr class=\"row-1\">\n\t<th colspan=\"3\" class=\"column-1\"><strong><center>Taxas de Inscri\u00e7\u00e3o<\/center><\/strong><\/th>\n<\/tr>\n<\/thead>\n<tbody class=\"row-striping row-hover\">\n<tr class=\"row-2\">\n\t<td rowspan=\"2\" class=\"column-1\"><strong>N\u00edvel et\u00e1rio<\/strong><\/td><td class=\"column-2\"><\/td><td class=\"column-3\"><\/td>\n<\/tr>\n<tr class=\"row-3\">\n\t<td class=\"column-2\"><strong>Federado<\/strong><\/td><td class=\"column-3\"><strong>N\u00e3o Federado<\/strong><\/td>\n<\/tr>\n<tr class=\"row-4\">\n\t<td class=\"column-1\">Jovem (at\u00e9 20 anos)<\/td><td class=\"column-2\">4,5\u20ac<\/td><td class=\"column-3\">4,5\u20ac<sup>1<\/sup><\/td>\n<\/tr>\n<tr class=\"row-5\">\n\t<td class=\"column-1\">Adulto <\/td><td class=\"column-2\">7\u20ac<\/td><td class=\"column-3\">7\u20ac<sup>1<\/sup><\/td>\n<\/tr>\n<tr class=\"row-6\">\n\t<td class=\"column-1\">Desporto Escolar ou Escolas<sup>2<\/sup><\/td><td class=\"column-2\">3\u20ac<\/td><td class=\"column-3\">3\u20ac<\/td>\n<\/tr>\n<tr class=\"row-7\">\n\t<td colspan=\"3\" class=\"column-1\">1) <strong>Acresce 2\u20ac para escal\u00f5es de competi\u00e7\u00e3o<\/strong>, para efeitos de seguro de acidentes pessoais. Obrigat\u00f3rio apresenta\u00e7\u00e3o NIF\/Passaporte.<\/td>\n<\/tr>\n<tr class=\"row-8\">\n\t<td colspan=\"3\" class=\"column-1\">2) Isen\u00e7\u00e3o de aluguer de SI e taxa de seguro, desde que enquarados pelos docentes, sendo obrigat\u00f3ria apresenta\u00e7\u00e3o de comprovativo se Seguro Escolar, passado pelo Estabelecimento de Ensino.<\/td>\n<\/tr>\n<\/tbody>\n<\/table>\n<!-- #tablepress-7 from cache -->\n\n\n\n<h2 class=\"wp-block-heading\">Pagamento<\/h2>\n\n\n\n<p>O pagamento poder\u00e1 ser feito no secretariado da prova ou atrav\u00e9s de transfer\u00eancia banc\u00e1ria com os seguintes dados:<\/p>\n\n\n\n<p><strong>BANCO: MILLENIUM BCP<\/strong><br><strong>AV. Emidio Navarro \u2013 Viseu<\/strong><br><strong>NIB: 0033 &nbsp;0000 &nbsp;0018 &nbsp;9295 &nbsp;6950 &nbsp;5<\/strong><br><strong>IBAN: PT50 0033 &nbsp;0000 &nbsp;0018 &nbsp;9295 &nbsp;6950 &nbsp;5<\/strong><\/p>\n\n\n\n<p>Ap\u00f3s transfer\u00eancia,<strong>&nbsp;enviar comprovativo (OBRIGAT\u00d3RIO)<\/strong>&nbsp;da mesma para o e-mail <a href=\"mailto:coviseu@hotmail.com\">coviseu@hotmail.com<\/a>.<\/p>\n\n\n\n<figure class=\"wp-block-image size-full\"><img loading=\"lazy\" decoding=\"async\" width=\"2048\" height=\"1792\" src=\"https:\/\/viseucityrace.coviseu-natura.pt\/2025\/wp-content\/uploads\/sites\/2\/2025\/02\/381061634_807063934754445_4674383862901261494_n.jpg\" alt=\"\" class=\"wp-image-265\" srcset=\"https:\/\/viseucityrace.coviseu-natura.pt\/2025\/wp-content\/uploads\/sites\/2\/2025\/02\/381061634_807063934754445_4674383862901261494_n.jpg 2048w, https:\/\/viseucityrace.coviseu-natura.pt\/2025\/wp-content\/uploads\/sites\/2\/2025\/02\/381061634_807063934754445_4674383862901261494_n-300x263.jpg 300w, https:\/\/viseucityrace.coviseu-natura.pt\/2025\/wp-content\/uploads\/sites\/2\/2025\/02\/381061634_807063934754445_4674383862901261494_n-1024x896.jpg 1024w, https:\/\/viseucityrace.coviseu-natura.pt\/2025\/wp-content\/uploads\/sites\/2\/2025\/02\/381061634_807063934754445_4674383862901261494_n-768x672.jpg 768w, https:\/\/viseucityrace.coviseu-natura.pt\/2025\/wp-content\/uploads\/sites\/2\/2025\/02\/381061634_807063934754445_4674383862901261494_n-1536x1344.jpg 1536w\" sizes=\"auto, (max-width: 767px) 89vw, (max-width: 1000px) 54vw, (max-width: 1071px) 543px, 580px\" \/><\/figure>\n","protected":false},"excerpt":{"rendered":"<p>Como efetuar a inscri\u00e7\u00e3o? Dados obrigat\u00f3rios para inscri\u00e7\u00e3o (individual ou em grupo) via e-mail: Participa\u00e7\u00e3o em grupo:Cada participante paga uma inscri\u00e7\u00e3o e ter\u00e1 direito a um mapa. O grupo levar\u00e1 consigo apenas um chip (SI-card). Escal\u00f5es de Competi\u00e7\u00e3o Escal\u00f5es Abertos Taxas de inscri\u00e7\u00e3o Pagamento O pagamento poder\u00e1 ser feito no secretariado da prova ou atrav\u00e9s &hellip; <\/p>\n<p class=\"link-more\"><a href=\"https:\/\/viseucityrace.coviseu-natura.pt\/2025\/inscricoes-2\/\" class=\"more-link\">Continuar a ler <span class=\"screen-reader-text\">&#8220;Inscri\u00e7\u00f5es&#8221;<\/span><\/a><\/p>\n","protected":false},"author":1,"featured_media":0,"parent":0,"menu_order":0,"comment_status":"closed","ping_status":"closed","template":"","meta":{"footnotes":""},"class_list":["post-43","page","type-page","status-publish","hentry"],"_links":{"self":[{"href":"https:\/\/viseucityrace.coviseu-natura.pt\/2025\/wp-json\/wp\/v2\/pages\/43","targetHints":{"allow":["GET"]}}],"collection":[{"href":"https:\/\/viseucityrace.coviseu-natura.pt\/2025\/wp-json\/wp\/v2\/pages"}],"about":[{"href":"https:\/\/viseucityrace.coviseu-natura.pt\/2025\/wp-json\/wp\/v2\/types\/page"}],"author":[{"embeddable":true,"href":"https:\/\/viseucityrace.coviseu-natura.pt\/2025\/wp-json\/wp\/v2\/users\/1"}],"replies":[{"embeddable":true,"href":"https:\/\/viseucityrace.coviseu-natura.pt\/2025\/wp-json\/wp\/v2\/comments?post=43"}],"version-history":[{"count":10,"href":"https:\/\/viseucityrace.coviseu-natura.pt\/2025\/wp-json\/wp\/v2\/pages\/43\/revisions"}],"predecessor-version":[{"id":305,"href":"https:\/\/viseucityrace.coviseu-natura.pt\/2025\/wp-json\/wp\/v2\/pages\/43\/revisions\/305"}],"wp:attachment":[{"href":"https:\/\/viseucityrace.coviseu-natura.pt\/2025\/wp-json\/wp\/v2\/media?parent=43"}],"curies":[{"name":"wp","href":"https:\/\/api.w.org\/{rel}","templated":true}]}}