{"id":39,"date":"2025-02-09T14:56:45","date_gmt":"2025-02-09T14:56:45","guid":{"rendered":"https:\/\/viseucityrace.coviseu-natura.pt\/2025\/?page_id=39"},"modified":"2025-03-24T22:19:40","modified_gmt":"2025-03-24T22:19:40","slug":"informacao-tecnica","status":"publish","type":"page","link":"https:\/\/viseucityrace.coviseu-natura.pt\/2025\/informacao-tecnica\/","title":{"rendered":"Informa\u00e7\u00e3o T\u00e9cnica"},"content":{"rendered":"\n<h2 class=\"wp-block-heading\">Mapa<\/h2>\n\n\n\n<p><strong>Mapa: Cidade de Viseu<\/strong><br><strong>Escala:<\/strong>&nbsp;1:4000&nbsp;<strong>Equid<\/strong>. 5,0m<br><strong>Cart\u00f3grafo(s)<\/strong>:<br>&#8211; Mapa Original (2011) &#8211; Raquel Costa<br>&#8211; Amplia\u00e7\u00e3o 2019 &#8211; Tiago Leal<br>&#8211; Convers\u00e3o para IsPROM e escala 1:4000 (2023) &#8211; Rafael Miguel<br>&#8211; Amplia\u00e7\u00e3o e atualiza\u00e7\u00e3o 2025 &#8211; Jos\u00e9 Maia<br><strong>Tra\u00e7ador de Percursos:<\/strong>&nbsp;Rui Martins<\/p>\n\n\n\n<div class=\"wp-block-columns is-layout-flex wp-container-core-columns-is-layout-1 wp-block-columns-is-layout-flex\">\n<div class=\"wp-block-column is-layout-flow wp-block-column-is-layout-flow\" style=\"flex-basis:100%\">\n<figure class=\"wp-block-image size-full is-resized\"><img loading=\"lazy\" decoding=\"async\" width=\"768\" height=\"768\" src=\"https:\/\/viseucityrace.coviseu-natura.pt\/2025\/wp-content\/uploads\/sites\/2\/2025\/02\/image.png\" alt=\"\" class=\"wp-image-40\" style=\"width:183px;height:auto\" srcset=\"https:\/\/viseucityrace.coviseu-natura.pt\/2025\/wp-content\/uploads\/sites\/2\/2025\/02\/image.png 768w, https:\/\/viseucityrace.coviseu-natura.pt\/2025\/wp-content\/uploads\/sites\/2\/2025\/02\/image-300x300.png 300w, https:\/\/viseucityrace.coviseu-natura.pt\/2025\/wp-content\/uploads\/sites\/2\/2025\/02\/image-150x150.png 150w, https:\/\/viseucityrace.coviseu-natura.pt\/2025\/wp-content\/uploads\/sites\/2\/2025\/02\/image-100x100.png 100w\" sizes=\"auto, (max-width: 767px) 89vw, (max-width: 1000px) 54vw, (max-width: 1071px) 543px, 580px\" \/><\/figure>\n<\/div>\n<\/div>\n\n\n\n<h2 class=\"wp-block-heading\">Dist\u00e2ncias e Percursos<\/h2>\n\n\n\n<table id=\"tablepress-4\" class=\"tablepress tablepress-id-4 tbody-has-connected-cells\">\n<thead>\n<tr class=\"row-1\">\n\t<th colspan=\"6\" class=\"column-1\"><center>VISEU CITY RACE '25<\/center><\/th>\n<\/tr>\n<\/thead>\n<tbody class=\"row-striping row-hover\">\n<tr class=\"row-2\">\n\t<td colspan=\"6\" class=\"column-1\"><center>6 Abril 2025 \u2013 Viseu<\/center><\/td>\n<\/tr>\n<tr class=\"row-3\">\n\t<td class=\"column-1\"><strong>Escal\u00f5es<\/strong><\/td><td class=\"column-2\"><strong>Escala<\/strong><\/td><td class=\"column-3\"><strong>Dist\u00e2ncia (km)<\/strong><\/td><td class=\"column-4\"><strong>Desn\u00edvel (m)<\/strong><\/td><td class=\"column-5\"><strong>Pontos<\/strong><\/td><td class=\"column-6\"><strong>Dist\u00e2ncia para a partida<\/strong><\/td>\n<\/tr>\n<tr class=\"row-4\">\n\t<td class=\"column-1\">Open Curto<\/td><td class=\"column-2\">1:4000<\/td><td class=\"column-3\">1.5<\/td><td class=\"column-4\">0<\/td><td class=\"column-5\">11<\/td><td rowspan=\"17\" class=\"column-6\">400 m<\/td>\n<\/tr>\n<tr class=\"row-5\">\n\t<td class=\"column-1\">Open M\u00e9dio<\/td><td class=\"column-2\">1:4000<\/td><td class=\"column-3\">5.1<\/td><td class=\"column-4\">110<\/td><td class=\"column-5\">20<\/td>\n<\/tr>\n<tr class=\"row-6\">\n\t<td class=\"column-1\">Open Longo<\/td><td class=\"column-2\">1:4000<\/td><td class=\"column-3\">7.7<\/td><td class=\"column-4\">145<\/td><td class=\"column-5\">29<\/td>\n<\/tr>\n<tr class=\"row-7\">\n\t<td class=\"column-1\">Forma\u00e7\u00e3o<\/td><td class=\"column-2\">1:4000<\/td><td class=\"column-3\">1.2<\/td><td class=\"column-4\">0<\/td><td class=\"column-5\">13<\/td>\n<\/tr>\n<tr class=\"row-8\">\n\t<td class=\"column-1\">Juv F<\/td><td class=\"column-2\">1:4000<\/td><td class=\"column-3\">6.2<\/td><td class=\"column-4\">135<\/td><td class=\"column-5\">26<\/td>\n<\/tr>\n<tr class=\"row-9\">\n\t<td class=\"column-1\">Juv M<\/td><td class=\"column-2\">1:4000<\/td><td class=\"column-3\">6.6<\/td><td class=\"column-4\">145<\/td><td class=\"column-5\">27<\/td>\n<\/tr>\n<tr class=\"row-10\">\n\t<td class=\"column-1\">Jun F<\/td><td class=\"column-2\">1:4000<\/td><td class=\"column-3\">6.3<\/td><td class=\"column-4\">115<\/td><td class=\"column-5\">23<\/td>\n<\/tr>\n<tr class=\"row-11\">\n\t<td class=\"column-1\">Jun M<\/td><td class=\"column-2\">1:4000<\/td><td class=\"column-3\">7.7<\/td><td class=\"column-4\">145<\/td><td class=\"column-5\">29<\/td>\n<\/tr>\n<tr class=\"row-12\">\n\t<td class=\"column-1\">Sen F<\/td><td class=\"column-2\">1:4000<\/td><td class=\"column-3\">7.6<\/td><td class=\"column-4\">135<\/td><td class=\"column-5\">31<\/td>\n<\/tr>\n<tr class=\"row-13\">\n\t<td class=\"column-1\">Sen M<\/td><td class=\"column-2\">1:4000<\/td><td class=\"column-3\">8.5<\/td><td class=\"column-4\">160<\/td><td class=\"column-5\">33<\/td>\n<\/tr>\n<tr class=\"row-14\">\n\t<td class=\"column-1\">Vet I F<\/td><td class=\"column-2\">1:4000<\/td><td class=\"column-3\">6.3<\/td><td class=\"column-4\">115<\/td><td class=\"column-5\">23<\/td>\n<\/tr>\n<tr class=\"row-15\">\n\t<td class=\"column-1\">Vet I M<\/td><td class=\"column-2\">1:4000<\/td><td class=\"column-3\">7.7<\/td><td class=\"column-4\">145<\/td><td class=\"column-5\">29<\/td>\n<\/tr>\n<tr class=\"row-16\">\n\t<td class=\"column-1\">Vet II F<\/td><td class=\"column-2\">1:4000<\/td><td class=\"column-3\">6.2<\/td><td class=\"column-4\">135<\/td><td class=\"column-5\">26<\/td>\n<\/tr>\n<tr class=\"row-17\">\n\t<td class=\"column-1\">Vet II M<\/td><td class=\"column-2\">1:4000<\/td><td class=\"column-3\">6.6<\/td><td class=\"column-4\">145<\/td><td class=\"column-5\">27<\/td>\n<\/tr>\n<tr class=\"row-18\">\n\t<td class=\"column-1\">Vet III F<\/td><td class=\"column-2\">1:4000<\/td><td class=\"column-3\">5.1<\/td><td class=\"column-4\">110<\/td><td class=\"column-5\">20<\/td>\n<\/tr>\n<tr class=\"row-19\">\n\t<td class=\"column-1\">Vet III M<\/td><td class=\"column-2\">1:4000<\/td><td class=\"column-3\">5.1<\/td><td class=\"column-4\">110<\/td><td class=\"column-5\">20<\/td>\n<\/tr>\n<tr class=\"row-20\">\n\t<td class=\"column-1\">Vet IV M<\/td><td class=\"column-2\">1:4000<\/td><td class=\"column-3\">5.1<\/td><td class=\"column-4\">110<\/td><td class=\"column-5\">20<\/td>\n<\/tr>\n<\/tbody>\n<\/table>\n\n\n\n\n<p><strong>Nota:<\/strong>&nbsp;Se o teu percurso tiver mais de&nbsp;<strong>30 pontos de controlo<\/strong>, certifica-te de que o teu&nbsp;<strong>chip<\/strong>&nbsp;tem capacidade para registar todos. Caso contr\u00e1rio, entra em contacto com a organiza\u00e7\u00e3o para garantirmos um chip adequado.<\/p>\n\n\n\n<h2 class=\"wp-block-heading\">Informa\u00e7\u00f5es importantes<\/h2>\n\n\n\n<p>O percurso passar\u00e1 por estradas com grande movimento, algumas das quais n\u00e3o poder\u00e3o ser atravessadas para garantir a seguran\u00e7a de todos. Estas est\u00e3o identificadas com o s\u00edmbolo de out-of-bounds (exemplo abaixo), sendo apenas permitido o uso do passeio e das passagens obrigat\u00f3rias assinalas.<\/p>\n\n\n\n<p>\u26a0\ufe0f Respeita as regras e garante a tua seguran\u00e7a! \u26a0\ufe0f<\/p>\n\n\n\n<figure class=\"wp-block-image size-full\"><img loading=\"lazy\" decoding=\"async\" width=\"562\" height=\"378\" src=\"https:\/\/viseucityrace.coviseu-natura.pt\/2025\/wp-content\/uploads\/sites\/2\/2025\/03\/PassagemObrigatoria.jpeg\" alt=\"\" class=\"wp-image-329\" srcset=\"https:\/\/viseucityrace.coviseu-natura.pt\/2025\/wp-content\/uploads\/sites\/2\/2025\/03\/PassagemObrigatoria.jpeg 562w, https:\/\/viseucityrace.coviseu-natura.pt\/2025\/wp-content\/uploads\/sites\/2\/2025\/03\/PassagemObrigatoria-300x202.jpeg 300w\" sizes=\"auto, (max-width: 562px) 100vw, 562px\" \/><\/figure>\n\n\n\n<figure class=\"wp-block-image size-large\"><img loading=\"lazy\" decoding=\"async\" width=\"1024\" height=\"736\" src=\"https:\/\/viseucityrace.coviseu-natura.pt\/2025\/wp-content\/uploads\/sites\/2\/2025\/02\/Untitled-1024x736.jpg\" alt=\"\" class=\"wp-image-271\" srcset=\"https:\/\/viseucityrace.coviseu-natura.pt\/2025\/wp-content\/uploads\/sites\/2\/2025\/02\/Untitled-1024x736.jpg 1024w, https:\/\/viseucityrace.coviseu-natura.pt\/2025\/wp-content\/uploads\/sites\/2\/2025\/02\/Untitled-300x216.jpg 300w, https:\/\/viseucityrace.coviseu-natura.pt\/2025\/wp-content\/uploads\/sites\/2\/2025\/02\/Untitled-768x552.jpg 768w, https:\/\/viseucityrace.coviseu-natura.pt\/2025\/wp-content\/uploads\/sites\/2\/2025\/02\/Untitled.jpg 1469w\" sizes=\"auto, (max-width: 767px) 89vw, (max-width: 1000px) 54vw, (max-width: 1071px) 543px, 580px\" \/><\/figure>\n","protected":false},"excerpt":{"rendered":"<p>Mapa Mapa: Cidade de ViseuEscala:&nbsp;1:4000&nbsp;Equid. 5,0mCart\u00f3grafo(s):&#8211; Mapa Original (2011) &#8211; Raquel Costa&#8211; Amplia\u00e7\u00e3o 2019 &#8211; Tiago Leal&#8211; Convers\u00e3o para IsPROM e escala 1:4000 (2023) &#8211; Rafael Miguel&#8211; Amplia\u00e7\u00e3o e atualiza\u00e7\u00e3o 2025 &#8211; Jos\u00e9 MaiaTra\u00e7ador de Percursos:&nbsp;Rui Martins Dist\u00e2ncias e Percursos Nota:&nbsp;Se o teu percurso tiver mais de&nbsp;30 pontos de controlo, certifica-te de que o teu&nbsp;chip&nbsp;tem &hellip; <\/p>\n<p class=\"link-more\"><a href=\"https:\/\/viseucityrace.coviseu-natura.pt\/2025\/informacao-tecnica\/\" class=\"more-link\">Continuar a ler <span class=\"screen-reader-text\">&#8220;Informa\u00e7\u00e3o T\u00e9cnica&#8221;<\/span><\/a><\/p>\n","protected":false},"author":1,"featured_media":0,"parent":0,"menu_order":0,"comment_status":"closed","ping_status":"closed","template":"","meta":{"footnotes":""},"class_list":["post-39","page","type-page","status-publish","hentry"],"_links":{"self":[{"href":"https:\/\/viseucityrace.coviseu-natura.pt\/2025\/wp-json\/wp\/v2\/pages\/39","targetHints":{"allow":["GET"]}}],"collection":[{"href":"https:\/\/viseucityrace.coviseu-natura.pt\/2025\/wp-json\/wp\/v2\/pages"}],"about":[{"href":"https:\/\/viseucityrace.coviseu-natura.pt\/2025\/wp-json\/wp\/v2\/types\/page"}],"author":[{"embeddable":true,"href":"https:\/\/viseucityrace.coviseu-natura.pt\/2025\/wp-json\/wp\/v2\/users\/1"}],"replies":[{"embeddable":true,"href":"https:\/\/viseucityrace.coviseu-natura.pt\/2025\/wp-json\/wp\/v2\/comments?post=39"}],"version-history":[{"count":10,"href":"https:\/\/viseucityrace.coviseu-natura.pt\/2025\/wp-json\/wp\/v2\/pages\/39\/revisions"}],"predecessor-version":[{"id":343,"href":"https:\/\/viseucityrace.coviseu-natura.pt\/2025\/wp-json\/wp\/v2\/pages\/39\/revisions\/343"}],"wp:attachment":[{"href":"https:\/\/viseucityrace.coviseu-natura.pt\/2025\/wp-json\/wp\/v2\/media?parent=39"}],"curies":[{"name":"wp","href":"https:\/\/api.w.org\/{rel}","templated":true}]}}